{"id":3181,"date":"2024-09-10T14:24:20","date_gmt":"2024-09-10T17:24:20","guid":{"rendered":"https:\/\/www.serviciosaludaysen.cl\/?page_id=3181"},"modified":"2025-04-10T15:11:46","modified_gmt":"2025-04-10T18:11:46","slug":"hospital-cochrane","status":"publish","type":"page","link":"https:\/\/www.serviciosaludaysen.cl\/index.php\/hospital-cochrane\/","title":{"rendered":"Hospital Cochrane"},"content":{"rendered":"\t\t<div data-elementor-type=\"wp-page\" data-elementor-id=\"3181\" class=\"elementor elementor-3181\">\n\t\t\t\t<div class=\"elementor-element elementor-element-7adb9802 e-con-full e-flex e-con e-parent\" data-id=\"7adb9802\" data-element_type=\"container\" data-settings=\"{&quot;background_background&quot;:&quot;slideshow&quot;,&quot;background_slideshow_gallery&quot;:[{&quot;id&quot;:1918,&quot;url&quot;:&quot;https:\\\/\\\/www.serviciosaludaysen.cl\\\/wp-content\\\/uploads\\\/2024\\\/08\\\/hospital-cochrane.jpg&quot;}],&quot;background_slideshow_loop&quot;:&quot;yes&quot;,&quot;background_slideshow_slide_duration&quot;:5000,&quot;background_slideshow_slide_transition&quot;:&quot;fade&quot;,&quot;background_slideshow_transition_duration&quot;:500}\">\n\t\t\t\t<div class=\"elementor-element elementor-element-4555c650 elementor-widget elementor-widget-heading\" data-id=\"4555c650\" data-element_type=\"widget\" data-widget_type=\"heading.default\">\n\t\t\t\t<div class=\"elementor-widget-container\">\n\t\t\t\t\t<h2 class=\"elementor-heading-title elementor-size-default\">Hospital de Cochrane<\/h2>\t\t\t\t<\/div>\n\t\t\t\t<\/div>\n\t\t\t\t<\/div>\n\t\t<div class=\"elementor-element elementor-element-6ff309e8 e-flex e-con-boxed e-con e-parent\" data-id=\"6ff309e8\" data-element_type=\"container\">\n\t\t\t\t\t<div class=\"e-con-inner\">\n\t\t<div class=\"elementor-element elementor-element-7ca975fb e-con-full e-flex e-con e-child\" data-id=\"7ca975fb\" data-element_type=\"container\">\n\t\t\t\t<div class=\"elementor-element elementor-element-4a60d118 elementor-widget__width-initial elementor-widget elementor-widget-image\" data-id=\"4a60d118\" data-element_type=\"widget\" data-widget_type=\"image.default\">\n\t\t\t\t<div class=\"elementor-widget-container\">\n\t\t\t\t\t\t\t\t\t\t\t\t\t\t\t<img fetchpriority=\"high\" decoding=\"async\" width=\"225\" height=\"225\" src=\"https:\/\/www.serviciosaludaysen.cl\/wp-content\/uploads\/2024\/08\/avatarej.jpeg\" class=\"attachment-large size-large wp-image-1972\" alt=\"\" srcset=\"https:\/\/www.serviciosaludaysen.cl\/wp-content\/uploads\/2024\/08\/avatarej.jpeg 225w, https:\/\/www.serviciosaludaysen.cl\/wp-content\/uploads\/2024\/08\/avatarej-150x150.jpeg 150w, https:\/\/www.serviciosaludaysen.cl\/wp-content\/uploads\/2024\/08\/avatarej-100x100.jpeg 100w\" sizes=\"(max-width: 225px) 100vw, 225px\" \/>\t\t\t\t\t\t\t\t\t\t\t\t\t\t\t<\/div>\n\t\t\t\t<\/div>\n\t\t\t\t<\/div>\n\t\t<div class=\"elementor-element elementor-element-2b0e157d e-con-full e-flex e-con e-child\" data-id=\"2b0e157d\" data-element_type=\"container\">\n\t\t<div class=\"elementor-element elementor-element-5322094d e-con-full e-flex e-con e-child\" data-id=\"5322094d\" data-element_type=\"container\">\n\t\t\t\t<div class=\"elementor-element elementor-element-6a7b541c elementor-widget elementor-widget-heading\" data-id=\"6a7b541c\" data-element_type=\"widget\" data-widget_type=\"heading.default\">\n\t\t\t\t<div class=\"elementor-widget-container\">\n\t\t\t\t\t<h2 class=\"elementor-heading-title elementor-size-default\">Hospital de Cochrane<\/h2>\t\t\t\t<\/div>\n\t\t\t\t<\/div>\n\t\t\t\t<\/div>\n\t\t<div class=\"elementor-element elementor-element-230e76f9 e-con-full e-flex e-con e-child\" data-id=\"230e76f9\" data-element_type=\"container\">\n\t\t\t\t<div class=\"elementor-element elementor-element-2b5d2284 elementor-widget elementor-widget-text-editor\" data-id=\"2b5d2284\" data-element_type=\"widget\" data-widget_type=\"text-editor.default\">\n\t\t\t\t<div class=\"elementor-widget-container\">\n\t\t\t\t\t\t\t\t\t<p>Hospital comunitario con enfoque de salud familiar, de baja complejidad. Cuenta con prestaciones ambulatorias en policl\u00ednico de profesionales: m\u00e9dicos, enfermeras, kinesi\u00f3logos, terapeutas ocupacionales, psic\u00f3logos, nutricionistas, fonoaudi\u00f3logos y matronas. Ofrece atenciones de urgencia las 24 horas, los 365 d\u00edas del a\u00f1o.<\/p><p>Servicio de hospitalizaci\u00f3n con una dotaci\u00f3n de 7 camas de cuidados b\u00e1sicos.<\/p><p>Cuenta con unidades de apoyo: Rayos, Laboratorio, Esterilizaci\u00f3n y Central de Alimentaci\u00f3n.<\/p><p>El hospital tiene a cargo las postas de salud rural de Tortel, Villa O\u2019Higgins, Guadal y Bertrand.<\/p>\t\t\t\t\t\t\t\t<\/div>\n\t\t\t\t<\/div>\n\t\t\t\t<\/div>\n\t\t\t\t<\/div>\n\t\t\t\t\t<\/div>\n\t\t\t\t<\/div>\n\t\t<div class=\"elementor-element elementor-element-48b45f4e e-flex e-con-boxed e-con e-parent\" data-id=\"48b45f4e\" data-element_type=\"container\">\n\t\t\t\t\t<div class=\"e-con-inner\">\n\t\t<div class=\"elementor-element elementor-element-6078b975 e-con-full e-flex e-con e-child\" data-id=\"6078b975\" data-element_type=\"container\">\n\t\t\t\t<div class=\"elementor-element elementor-element-64ff0493 elementor-widget elementor-widget-heading\" data-id=\"64ff0493\" data-element_type=\"widget\" data-widget_type=\"heading.default\">\n\t\t\t\t<div class=\"elementor-widget-container\">\n\t\t\t\t\t<h4 class=\"elementor-heading-title elementor-size-default\">Contacto:<\/h4>\t\t\t\t<\/div>\n\t\t\t\t<\/div>\n\t\t\t\t<div class=\"elementor-element elementor-element-239499ef elementor-shape-circle elementor-grid-0 e-grid-align-center elementor-widget elementor-widget-social-icons\" data-id=\"239499ef\" data-element_type=\"widget\" data-widget_type=\"social-icons.default\">\n\t\t\t\t<div class=\"elementor-widget-container\">\n\t\t\t\t\t\t\t<div class=\"elementor-social-icons-wrapper elementor-grid\">\n\t\t\t\t\t\t\t<span class=\"elementor-grid-item\">\n\t\t\t\t\t<a class=\"elementor-icon elementor-social-icon elementor-social-icon-facebook elementor-repeater-item-159bab1\" href=\"https:\/\/www.facebook.com\/p\/Hospital-Cochrane-100070776436261\/\" target=\"_blank\">\n\t\t\t\t\t\t<span class=\"elementor-screen-only\">Facebook<\/span>\n\t\t\t\t\t\t<svg aria-hidden=\"true\" class=\"e-font-icon-svg e-fab-facebook\" viewBox=\"0 0 512 512\" xmlns=\"http:\/\/www.w3.org\/2000\/svg\"><path d=\"M504 256C504 119 393 8 256 8S8 119 8 256c0 123.78 90.69 226.38 209.25 245V327.69h-63V256h63v-54.64c0-62.15 37-96.48 93.67-96.48 27.14 0 55.52 4.84 55.52 4.84v61h-31.28c-30.8 0-40.41 19.12-40.41 38.73V256h68.78l-11 71.69h-57.78V501C413.31 482.38 504 379.78 504 256z\"><\/path><\/svg>\t\t\t\t\t<\/a>\n\t\t\t\t<\/span>\n\t\t\t\t\t<\/div>\n\t\t\t\t\t\t<\/div>\n\t\t\t\t<\/div>\n\t\t\t\t<div class=\"elementor-element elementor-element-53260e78 elementor-widget elementor-widget-text-editor\" data-id=\"53260e78\" data-element_type=\"widget\" data-widget_type=\"text-editor.default\">\n\t\t\t\t<div class=\"elementor-widget-container\">\n\t\t\t\t\t\t\t\t\t<ul><li><p><strong>Direcci\u00f3n:<\/strong> Dr. Steffens N\u00b0 730<\/p><\/li><li><p><strong>Tel\u00e9fono:<\/strong> 67-2261330<\/p><\/li><li><p><strong>Correo Electr\u00f3nico de Secretar\u00eda:<\/strong>\u00a0<span style=\"text-align: var(--text-align);\">secretaria.cochrane@saludaysen.cl<\/span><\/p><\/li><li><p data-pm-slice=\"1 1 [&quot;orderedList&quot;,{&quot;tight&quot;:false,&quot;start&quot;:1},&quot;listItem&quot;,{},&quot;bulletList&quot;,{&quot;tight&quot;:true},&quot;listItem&quot;,{},&quot;bulletList&quot;,{&quot;tight&quot;:true},&quot;listItem&quot;,{}]\"><strong>Correo de OIRS (Oficina de Informaci\u00f3n, Reclamos y Sugerencias):\u00a0<\/strong><span style=\"font-style: inherit; font-weight: inherit; color: var( --e-global-color-text ); font-family: var( --e-global-typography-text-font-family ), Sans-serif; text-align: var(--text-align);\">myriam.balboa@saludaysen.cl<\/span><\/p><\/li><li><p data-pm-slice=\"1 1 [&quot;orderedList&quot;,{&quot;tight&quot;:false,&quot;start&quot;:1},&quot;listItem&quot;,{},&quot;bulletList&quot;,{&quot;tight&quot;:true},&quot;listItem&quot;,{},&quot;bulletList&quot;,{&quot;tight&quot;:true},&quot;listItem&quot;,{}]\"><span style=\"font-weight: bold;\">Horarios de atenci\u00f3n: <\/span>P<span style=\"text-align: var(--text-align);\">olicl\u00ednico de 8:00 &#8211; 17:00 de lunes a viernes. Unidad de Urgencia 24 horas<\/span><\/p><\/li><\/ul>\t\t\t\t\t\t\t\t<\/div>\n\t\t\t\t<\/div>\n\t\t\t\t<\/div>\n\t\t<div class=\"elementor-element elementor-element-1d37a35f e-con-full e-flex e-con e-child\" data-id=\"1d37a35f\" data-element_type=\"container\">\n\t\t\t\t<div class=\"elementor-element elementor-element-694ea3d5 elementor-widget elementor-widget-html\" data-id=\"694ea3d5\" data-element_type=\"widget\" data-widget_type=\"html.default\">\n\t\t\t\t<div class=\"elementor-widget-container\">\n\t\t\t\t\t<div id=\"wpgmza_map\" class=\"wpgmza_map\" data-settings='{\"id\":\"1\",\"map_title\":\"Mi primer mapa\",\"map_width\":\"100\",\"map_height\":\"400\",\"map_start_lat\":\"45.950464398418106\",\"map_start_lng\":\"-109.81550500000003\",\"map_start_location\":\"45.950464398418106,-109.81550500000003\",\"map_start_zoom\":\"4\",\"default_marker\":\"\",\"type\":\"0\",\"alignment\":\"4\",\"directions_enabled\":\"0\",\"styling_enabled\":\"0\",\"styling_json\":\"\",\"active\":\"0\",\"kml\":\"\",\"bicycle\":\"0\",\"traffic\":\"0\",\"dbox\":\"0\",\"dbox_width\":\"\",\"listmarkers\":\"0\",\"listmarkers_advanced\":\"0\",\"filterbycat\":\"0\",\"ugm_enabled\":\"0\",\"ugm_category_enabled\":\"0\",\"fusion\":\"\",\"map_width_type\":\"%\",\"map_height_type\":\"px\",\"mass_marker_support\":\"0\",\"ugm_access\":\"0\",\"order_markers_by\":\"0\",\"order_markers_choice\":\"0\",\"show_user_location\":\"0\",\"default_to\":\"\",\"other_settings\":{\"map_type\":1,\"sl_stroke_color\":\"#FF0000\",\"sl_fill_color\":\"#FF0000\",\"sl_stroke_opacity\":1,\"sl_fill_opacity\":0.5,\"transport_layer\":null}}' data-map-id='1' Data-maps-engine='open-layers' data-shortcode-attributes='{\"id\":\"1\"}' style=\"display:block; overflow:auto; width:100%; height:400px; float:left;\"><\/div>\t\t\t\t<\/div>\n\t\t\t\t<\/div>\n\t\t\t\t<\/div>\n\t\t\t\t\t<\/div>\n\t\t\t\t<\/div>\n\t\t\t\t<\/div>\n\t\t","protected":false},"excerpt":{"rendered":"<p>Hospital de Cochrane Hospital de Cochrane Hospital comunitario con enfoque de salud familiar, de baja complejidad. Cuenta con prestaciones ambulatorias [&hellip;]<\/p>\n","protected":false},"author":1,"featured_media":0,"parent":0,"menu_order":0,"comment_status":"closed","ping_status":"closed","template":"","meta":{"_eb_attr":"","site-sidebar-layout":"no-sidebar","site-content-layout":"","ast-site-content-layout":"full-width-container","site-content-style":"default","site-sidebar-style":"default","ast-global-header-display":"","ast-banner-title-visibility":"","ast-main-header-display":"","ast-hfb-above-header-display":"","ast-hfb-below-header-display":"","ast-hfb-mobile-header-display":"","site-post-title":"disabled","ast-breadcrumbs-content":"","ast-featured-img":"disabled","footer-sml-layout":"","theme-transparent-header-meta":"","adv-header-id-meta":"","stick-header-meta":"","header-above-stick-meta":"","header-main-stick-meta":"","header-below-stick-meta":"","astra-migrate-meta-layouts":"default","ast-page-background-enabled":"default","ast-page-background-meta":{"desktop":{"background-color":"var(--ast-global-color-4)","background-image":"","background-repeat":"repeat","background-position":"center center","background-size":"auto","background-attachment":"scroll","background-type":"","background-media":"","overlay-type":"","overlay-color":"","overlay-opacity":"","overlay-gradient":""},"tablet":{"background-color":"","background-image":"","background-repeat":"repeat","background-position":"center center","background-size":"auto","background-attachment":"scroll","background-type":"","background-media":"","overlay-type":"","overlay-color":"","overlay-opacity":"","overlay-gradient":""},"mobile":{"background-color":"","background-image":"","background-repeat":"repeat","background-position":"center center","background-size":"auto","background-attachment":"scroll","background-type":"","background-media":"","overlay-type":"","overlay-color":"","overlay-opacity":"","overlay-gradient":""}},"ast-content-background-meta":{"desktop":{"background-color":"var(--ast-global-color-5)","background-image":"","background-repeat":"repeat","background-position":"center center","background-size":"auto","background-attachment":"scroll","background-type":"","background-media":"","overlay-type":"","overlay-color":"","overlay-opacity":"","overlay-gradient":""},"tablet":{"background-color":"var(--ast-global-color-5)","background-image":"","background-repeat":"repeat","background-position":"center center","background-size":"auto","background-attachment":"scroll","background-type":"","background-media":"","overlay-type":"","overlay-color":"","overlay-opacity":"","overlay-gradient":""},"mobile":{"background-color":"var(--ast-global-color-5)","background-image":"","background-repeat":"repeat","background-position":"center center","background-size":"auto","background-attachment":"scroll","background-type":"","background-media":"","overlay-type":"","overlay-color":"","overlay-opacity":"","overlay-gradient":""}},"footnotes":""},"class_list":["post-3181","page","type-page","status-publish","hentry"],"_links":{"self":[{"href":"https:\/\/www.serviciosaludaysen.cl\/index.php\/wp-json\/wp\/v2\/pages\/3181","targetHints":{"allow":["GET"]}}],"collection":[{"href":"https:\/\/www.serviciosaludaysen.cl\/index.php\/wp-json\/wp\/v2\/pages"}],"about":[{"href":"https:\/\/www.serviciosaludaysen.cl\/index.php\/wp-json\/wp\/v2\/types\/page"}],"author":[{"embeddable":true,"href":"https:\/\/www.serviciosaludaysen.cl\/index.php\/wp-json\/wp\/v2\/users\/1"}],"replies":[{"embeddable":true,"href":"https:\/\/www.serviciosaludaysen.cl\/index.php\/wp-json\/wp\/v2\/comments?post=3181"}],"version-history":[{"count":22,"href":"https:\/\/www.serviciosaludaysen.cl\/index.php\/wp-json\/wp\/v2\/pages\/3181\/revisions"}],"predecessor-version":[{"id":4367,"href":"https:\/\/www.serviciosaludaysen.cl\/index.php\/wp-json\/wp\/v2\/pages\/3181\/revisions\/4367"}],"wp:attachment":[{"href":"https:\/\/www.serviciosaludaysen.cl\/index.php\/wp-json\/wp\/v2\/media?parent=3181"}],"curies":[{"name":"wp","href":"https:\/\/api.w.org\/{rel}","templated":true}]}}