{"id":3115,"date":"2024-09-10T11:42:00","date_gmt":"2024-09-10T14:42:00","guid":{"rendered":"https:\/\/www.serviciosaludaysen.cl\/?page_id=3115"},"modified":"2025-05-05T11:26:25","modified_gmt":"2025-05-05T14:26:25","slug":"cesfam-victor-domingo-silva","status":"publish","type":"page","link":"https:\/\/www.serviciosaludaysen.cl\/index.php\/cesfam-victor-domingo-silva\/","title":{"rendered":"Cesfam V\u00edctor Domingo Silva"},"content":{"rendered":"\t\t<div data-elementor-type=\"wp-page\" data-elementor-id=\"3115\" class=\"elementor elementor-3115\">\n\t\t\t\t<div class=\"elementor-element elementor-element-5a33224f e-flex e-con-boxed e-con e-parent\" data-id=\"5a33224f\" data-element_type=\"container\">\n\t\t\t\t\t<div class=\"e-con-inner\">\n\t\t\t\t<div class=\"elementor-element elementor-element-7f46e02 elementor-widget elementor-widget-image\" data-id=\"7f46e02\" data-element_type=\"widget\" data-widget_type=\"image.default\">\n\t\t\t\t<div class=\"elementor-widget-container\">\n\t\t\t\t\t\t\t\t\t\t\t\t\t\t\t<img fetchpriority=\"high\" decoding=\"async\" width=\"1290\" height=\"734\" src=\"https:\/\/www.serviciosaludaysen.cl\/wp-content\/uploads\/2025\/01\/WhatsApp-Image-2025-01-15-at-11.11.44-AM.jpeg\" class=\"attachment-1536x1536 size-1536x1536 wp-image-3799\" alt=\"\" srcset=\"https:\/\/www.serviciosaludaysen.cl\/wp-content\/uploads\/2025\/01\/WhatsApp-Image-2025-01-15-at-11.11.44-AM.jpeg 1290w, https:\/\/www.serviciosaludaysen.cl\/wp-content\/uploads\/2025\/01\/WhatsApp-Image-2025-01-15-at-11.11.44-AM-300x171.jpeg 300w, https:\/\/www.serviciosaludaysen.cl\/wp-content\/uploads\/2025\/01\/WhatsApp-Image-2025-01-15-at-11.11.44-AM-1024x583.jpeg 1024w, https:\/\/www.serviciosaludaysen.cl\/wp-content\/uploads\/2025\/01\/WhatsApp-Image-2025-01-15-at-11.11.44-AM-768x437.jpeg 768w, https:\/\/www.serviciosaludaysen.cl\/wp-content\/uploads\/2025\/01\/WhatsApp-Image-2025-01-15-at-11.11.44-AM-600x341.jpeg 600w\" sizes=\"(max-width: 1290px) 100vw, 1290px\" \/>\t\t\t\t\t\t\t\t\t\t\t\t\t\t\t<\/div>\n\t\t\t\t<\/div>\n\t\t\t\t<div class=\"elementor-element elementor-element-6b30395 elementor-widget elementor-widget-heading\" data-id=\"6b30395\" data-element_type=\"widget\" data-widget_type=\"heading.default\">\n\t\t\t\t<div class=\"elementor-widget-container\">\n\t\t\t\t\t<h2 class=\"elementor-heading-title elementor-size-default\">Consultorio V\u00edctor Domingo Silva<\/h2>\t\t\t\t<\/div>\n\t\t\t\t<\/div>\n\t\t\t\t\t<\/div>\n\t\t\t\t<\/div>\n\t\t<div class=\"elementor-element elementor-element-3cc358c e-flex e-con-boxed e-con e-parent\" data-id=\"3cc358c\" data-element_type=\"container\">\n\t\t\t\t\t<div class=\"e-con-inner\">\n\t\t<div class=\"elementor-element elementor-element-41110ad4 e-con-full e-flex e-con e-child\" data-id=\"41110ad4\" data-element_type=\"container\">\n\t\t\t\t<div class=\"elementor-element elementor-element-5c0ee3b7 elementor-widget__width-initial elementor-widget elementor-widget-image\" data-id=\"5c0ee3b7\" data-element_type=\"widget\" data-widget_type=\"image.default\">\n\t\t\t\t<div class=\"elementor-widget-container\">\n\t\t\t\t\t\t\t\t\t\t\t\t\t\t\t<img decoding=\"async\" width=\"225\" height=\"225\" src=\"https:\/\/www.serviciosaludaysen.cl\/wp-content\/uploads\/2024\/08\/avatarej.jpeg\" class=\"attachment-large size-large wp-image-1972\" alt=\"\" srcset=\"https:\/\/www.serviciosaludaysen.cl\/wp-content\/uploads\/2024\/08\/avatarej.jpeg 225w, https:\/\/www.serviciosaludaysen.cl\/wp-content\/uploads\/2024\/08\/avatarej-150x150.jpeg 150w, https:\/\/www.serviciosaludaysen.cl\/wp-content\/uploads\/2024\/08\/avatarej-100x100.jpeg 100w\" sizes=\"(max-width: 225px) 100vw, 225px\" \/>\t\t\t\t\t\t\t\t\t\t\t\t\t\t\t<\/div>\n\t\t\t\t<\/div>\n\t\t\t\t<\/div>\n\t\t<div class=\"elementor-element elementor-element-45c788d2 e-con-full e-flex e-con e-child\" data-id=\"45c788d2\" data-element_type=\"container\">\n\t\t<div class=\"elementor-element elementor-element-41ea4a9e e-con-full e-flex e-con e-child\" data-id=\"41ea4a9e\" data-element_type=\"container\">\n\t\t\t\t<div class=\"elementor-element elementor-element-3b2cdccb elementor-widget elementor-widget-heading\" data-id=\"3b2cdccb\" data-element_type=\"widget\" data-widget_type=\"heading.default\">\n\t\t\t\t<div class=\"elementor-widget-container\">\n\t\t\t\t\t<h2 class=\"elementor-heading-title elementor-size-default\">Consultorio V\u00edctor Domingo Silva<\/h2>\t\t\t\t<\/div>\n\t\t\t\t<\/div>\n\t\t\t\t<\/div>\n\t\t<div class=\"elementor-element elementor-element-262e4334 e-con-full e-flex e-con e-child\" data-id=\"262e4334\" data-element_type=\"container\">\n\t\t\t\t<div class=\"elementor-element elementor-element-1475c0d8 elementor-widget elementor-widget-text-editor\" data-id=\"1475c0d8\" data-element_type=\"widget\" data-widget_type=\"text-editor.default\">\n\t\t\t\t<div class=\"elementor-widget-container\">\n\t\t\t\t\t\t\t\t\t<p>El Consultorio V\u00edctor Domingo Silva se encuentra ubicado en la XI Regi\u00f3n de Ays\u00e9n del General Carlos Ib\u00e1\u00f1ez del Campo, comuna de Coyhaique, en la calle Dr. Alejandro Guti\u00e9rrez, esquina calle Los Aromos s\/n. Es el segundo establecimiento de baja complejidad de la comuna y asume como desaf\u00edo la responsabilidad de brindar y coordinar servicios sanitarios orientados a mantener a la poblaci\u00f3n sana, mejorar su nivel de salud y ser la puerta de entrada a la Red de Salud.<\/p><p>El Consultorio V\u00edctor Domingo Silva tiene a cargo 28.219 usuarios inscritos. Nuestra cartera de prestaciones incluye acciones promocionales, controles y consultas preventivas a lo largo de todo el ciclo vital individual. Del mismo modo, se realizan otras prestaciones seg\u00fan las necesidades espec\u00edficas de salud o problemas de alg\u00fan integrante de la familia, adem\u00e1s de atenciones dirigidas a la pareja y la familia, orientadas a apoyar en problem\u00e1ticas propias de las distintas etapas del ciclo vital familiar y en situaciones que alteren su capacidad para desempe\u00f1ar su rol social.<\/p><p>Para llevar a cabo dichas actividades, nuestro establecimiento cuenta con profesionales cl\u00ednicos: m\u00e9dicos, pediatra, m\u00e9dicos especialistas en salud familiar, odont\u00f3logos, qu\u00edmico farmac\u00e9utico, psic\u00f3logos, enfermeras, matronas, kinesi\u00f3logos, nutricionistas, asistentes sociales, terapeutas ocupacionales, tecn\u00f3logo m\u00e9dico, educadora de p\u00e1rvulos, t\u00e9cnicos en enfermer\u00eda de nivel superior, t\u00e9cnicos en odontolog\u00eda de nivel superior, t\u00e9cnicos en farmacia, fonoaudi\u00f3logos y pod\u00f3logo.<\/p>\t\t\t\t\t\t\t\t<\/div>\n\t\t\t\t<\/div>\n\t\t\t\t<\/div>\n\t\t\t\t<\/div>\n\t\t\t\t\t<\/div>\n\t\t\t\t<\/div>\n\t\t<div class=\"elementor-element elementor-element-54261b2f e-flex e-con-boxed e-con e-parent\" data-id=\"54261b2f\" data-element_type=\"container\">\n\t\t\t\t\t<div class=\"e-con-inner\">\n\t\t<div class=\"elementor-element elementor-element-4db2a9fb e-con-full e-flex e-con e-child\" data-id=\"4db2a9fb\" data-element_type=\"container\">\n\t\t\t\t<div class=\"elementor-element elementor-element-5d8bd736 elementor-widget elementor-widget-heading\" data-id=\"5d8bd736\" data-element_type=\"widget\" data-widget_type=\"heading.default\">\n\t\t\t\t<div class=\"elementor-widget-container\">\n\t\t\t\t\t<h4 class=\"elementor-heading-title elementor-size-default\">Contacto:<\/h4>\t\t\t\t<\/div>\n\t\t\t\t<\/div>\n\t\t\t\t<div class=\"elementor-element elementor-element-5c019490 elementor-shape-circle elementor-grid-0 e-grid-align-center elementor-widget elementor-widget-social-icons\" data-id=\"5c019490\" data-element_type=\"widget\" data-widget_type=\"social-icons.default\">\n\t\t\t\t<div class=\"elementor-widget-container\">\n\t\t\t\t\t\t\t<div class=\"elementor-social-icons-wrapper elementor-grid\" role=\"list\">\n\t\t\t\t\t\t\t<span class=\"elementor-grid-item\" role=\"listitem\">\n\t\t\t\t\t<a class=\"elementor-icon elementor-social-icon elementor-social-icon-facebook elementor-repeater-item-61d2caa\" href=\"https:\/\/www.facebook.com\/share\/158s3c4GAf\/?mibextid=wwXIfr\" target=\"_blank\">\n\t\t\t\t\t\t<span class=\"elementor-screen-only\">Facebook<\/span>\n\t\t\t\t\t\t<svg aria-hidden=\"true\" class=\"e-font-icon-svg e-fab-facebook\" viewBox=\"0 0 512 512\" xmlns=\"http:\/\/www.w3.org\/2000\/svg\"><path d=\"M504 256C504 119 393 8 256 8S8 119 8 256c0 123.78 90.69 226.38 209.25 245V327.69h-63V256h63v-54.64c0-62.15 37-96.48 93.67-96.48 27.14 0 55.52 4.84 55.52 4.84v61h-31.28c-30.8 0-40.41 19.12-40.41 38.73V256h68.78l-11 71.69h-57.78V501C413.31 482.38 504 379.78 504 256z\"><\/path><\/svg>\t\t\t\t\t<\/a>\n\t\t\t\t<\/span>\n\t\t\t\t\t\t\t<span class=\"elementor-grid-item\" role=\"listitem\">\n\t\t\t\t\t<a class=\"elementor-icon elementor-social-icon elementor-social-icon-instagram elementor-repeater-item-e2a2193\" href=\"https:\/\/www.instagram.com\/cvdscoyhaique\/\" target=\"_blank\">\n\t\t\t\t\t\t<span class=\"elementor-screen-only\">Instagram<\/span>\n\t\t\t\t\t\t<svg aria-hidden=\"true\" class=\"e-font-icon-svg e-fab-instagram\" viewBox=\"0 0 448 512\" xmlns=\"http:\/\/www.w3.org\/2000\/svg\"><path d=\"M224.1 141c-63.6 0-114.9 51.3-114.9 114.9s51.3 114.9 114.9 114.9S339 319.5 339 255.9 287.7 141 224.1 141zm0 189.6c-41.1 0-74.7-33.5-74.7-74.7s33.5-74.7 74.7-74.7 74.7 33.5 74.7 74.7-33.6 74.7-74.7 74.7zm146.4-194.3c0 14.9-12 26.8-26.8 26.8-14.9 0-26.8-12-26.8-26.8s12-26.8 26.8-26.8 26.8 12 26.8 26.8zm76.1 27.2c-1.7-35.9-9.9-67.7-36.2-93.9-26.2-26.2-58-34.4-93.9-36.2-37-2.1-147.9-2.1-184.9 0-35.8 1.7-67.6 9.9-93.9 36.1s-34.4 58-36.2 93.9c-2.1 37-2.1 147.9 0 184.9 1.7 35.9 9.9 67.7 36.2 93.9s58 34.4 93.9 36.2c37 2.1 147.9 2.1 184.9 0 35.9-1.7 67.7-9.9 93.9-36.2 26.2-26.2 34.4-58 36.2-93.9 2.1-37 2.1-147.8 0-184.8zM398.8 388c-7.8 19.6-22.9 34.7-42.6 42.6-29.5 11.7-99.5 9-132.1 9s-102.7 2.6-132.1-9c-19.6-7.8-34.7-22.9-42.6-42.6-11.7-29.5-9-99.5-9-132.1s-2.6-102.7 9-132.1c7.8-19.6 22.9-34.7 42.6-42.6 29.5-11.7 99.5-9 132.1-9s102.7-2.6 132.1 9c19.6 7.8 34.7 22.9 42.6 42.6 11.7 29.5 9 99.5 9 132.1s2.7 102.7-9 132.1z\"><\/path><\/svg>\t\t\t\t\t<\/a>\n\t\t\t\t<\/span>\n\t\t\t\t\t<\/div>\n\t\t\t\t\t\t<\/div>\n\t\t\t\t<\/div>\n\t\t\t\t<div class=\"elementor-element elementor-element-44c8f777 elementor-widget elementor-widget-text-editor\" data-id=\"44c8f777\" data-element_type=\"widget\" data-widget_type=\"text-editor.default\">\n\t\t\t\t<div class=\"elementor-widget-container\">\n\t\t\t\t\t\t\t\t\t<ul><li><p><strong>Direcci\u00f3n:<\/strong> <span data-sheets-root=\"1\">Alejandro Guti\u00e9rrez esquina Los Aromos S\/N<\/span><\/p><\/li><li><p><strong>Tel\u00e9fono:<\/strong>\u00a0672-261230<span style=\"font-style: inherit; font-weight: inherit; color: var( --e-global-color-text ); font-family: var( --e-global-typography-text-font-family ), Sans-serif; text-align: var(--text-align);\">\u00a0<\/span><\/p><\/li><li><p data-pm-slice=\"1 1 [&quot;orderedList&quot;,{&quot;tight&quot;:false,&quot;start&quot;:1},&quot;listItem&quot;,{},&quot;bulletList&quot;,{&quot;tight&quot;:true},&quot;listItem&quot;,{},&quot;bulletList&quot;,{&quot;tight&quot;:true},&quot;listItem&quot;,{}]\"><strong><span style=\"font-style: inherit; color: var( --e-global-color-text ); font-family: var( --e-global-typography-text-font-family ), Sans-serif; text-align: var(--text-align);\">Correo Electr\u00f3nico<\/span>\u00a0OIRS (Oficina de Informaci\u00f3n, Reclamos y Sugerencias) :\u00a0<\/strong><span style=\"font-style: inherit; font-weight: inherit; color: var( --e-global-color-text ); font-family: var( --e-global-typography-text-font-family ), Sans-serif; text-align: var(--text-align);\">oirscvds@saludaysen.cl<\/span><\/p><\/li><li><span style=\"font-weight: bold;\">Horario:\u00a0<\/span>08.00 a 20.00 hrs de lunes a viernes 09:00- 13.00 hrs, s\u00e1bados de marzo a diciembre<\/li><\/ul>\t\t\t\t\t\t\t\t<\/div>\n\t\t\t\t<\/div>\n\t\t\t\t<\/div>\n\t\t<div class=\"elementor-element elementor-element-791805b1 e-con-full e-flex e-con e-child\" data-id=\"791805b1\" data-element_type=\"container\">\n\t\t\t\t<div class=\"elementor-element elementor-element-ec93499 elementor-widget elementor-widget-google_maps\" data-id=\"ec93499\" data-element_type=\"widget\" data-widget_type=\"google_maps.default\">\n\t\t\t\t<div class=\"elementor-widget-container\">\n\t\t\t\t\t\t\t<div class=\"elementor-custom-embed\">\n\t\t\t<iframe loading=\"lazy\"\n\t\t\t\t\tsrc=\"https:\/\/maps.google.com\/maps?q=consultorio%20victor%20domingo%20silva&#038;t=m&#038;z=10&#038;output=embed&#038;iwloc=near\"\n\t\t\t\t\ttitle=\"consultorio victor domingo silva\"\n\t\t\t\t\taria-label=\"consultorio victor domingo silva\"\n\t\t\t><\/iframe>\n\t\t<\/div>\n\t\t\t\t\t\t<\/div>\n\t\t\t\t<\/div>\n\t\t\t\t<\/div>\n\t\t\t\t\t<\/div>\n\t\t\t\t<\/div>\n\t\t\t\t<\/div>\n\t\t","protected":false},"excerpt":{"rendered":"<p>Consultorio V\u00edctor Domingo Silva Consultorio V\u00edctor Domingo Silva El Consultorio V\u00edctor Domingo Silva se encuentra ubicado en la XI Regi\u00f3n [&hellip;]<\/p>\n","protected":false},"author":1,"featured_media":0,"parent":0,"menu_order":0,"comment_status":"closed","ping_status":"closed","template":"","meta":{"_eb_attr":"","site-sidebar-layout":"no-sidebar","site-content-layout":"","ast-site-content-layout":"full-width-container","site-content-style":"default","site-sidebar-style":"default","ast-global-header-display":"","ast-banner-title-visibility":"","ast-main-header-display":"","ast-hfb-above-header-display":"","ast-hfb-below-header-display":"","ast-hfb-mobile-header-display":"","site-post-title":"disabled","ast-breadcrumbs-content":"","ast-featured-img":"disabled","footer-sml-layout":"","theme-transparent-header-meta":"","adv-header-id-meta":"","stick-header-meta":"","header-above-stick-meta":"","header-main-stick-meta":"","header-below-stick-meta":"","astra-migrate-meta-layouts":"default","ast-page-background-enabled":"default","ast-page-background-meta":{"desktop":{"background-color":"var(--ast-global-color-4)","background-image":"","background-repeat":"repeat","background-position":"center center","background-size":"auto","background-attachment":"scroll","background-type":"","background-media":"","overlay-type":"","overlay-color":"","overlay-opacity":"","overlay-gradient":""},"tablet":{"background-color":"","background-image":"","background-repeat":"repeat","background-position":"center center","background-size":"auto","background-attachment":"scroll","background-type":"","background-media":"","overlay-type":"","overlay-color":"","overlay-opacity":"","overlay-gradient":""},"mobile":{"background-color":"","background-image":"","background-repeat":"repeat","background-position":"center center","background-size":"auto","background-attachment":"scroll","background-type":"","background-media":"","overlay-type":"","overlay-color":"","overlay-opacity":"","overlay-gradient":""}},"ast-content-background-meta":{"desktop":{"background-color":"var(--ast-global-color-5)","background-image":"","background-repeat":"repeat","background-position":"center center","background-size":"auto","background-attachment":"scroll","background-type":"","background-media":"","overlay-type":"","overlay-color":"","overlay-opacity":"","overlay-gradient":""},"tablet":{"background-color":"var(--ast-global-color-5)","background-image":"","background-repeat":"repeat","background-position":"center center","background-size":"auto","background-attachment":"scroll","background-type":"","background-media":"","overlay-type":"","overlay-color":"","overlay-opacity":"","overlay-gradient":""},"mobile":{"background-color":"var(--ast-global-color-5)","background-image":"","background-repeat":"repeat","background-position":"center center","background-size":"auto","background-attachment":"scroll","background-type":"","background-media":"","overlay-type":"","overlay-color":"","overlay-opacity":"","overlay-gradient":""}},"footnotes":""},"class_list":["post-3115","page","type-page","status-publish","hentry"],"_links":{"self":[{"href":"https:\/\/www.serviciosaludaysen.cl\/index.php\/wp-json\/wp\/v2\/pages\/3115","targetHints":{"allow":["GET"]}}],"collection":[{"href":"https:\/\/www.serviciosaludaysen.cl\/index.php\/wp-json\/wp\/v2\/pages"}],"about":[{"href":"https:\/\/www.serviciosaludaysen.cl\/index.php\/wp-json\/wp\/v2\/types\/page"}],"author":[{"embeddable":true,"href":"https:\/\/www.serviciosaludaysen.cl\/index.php\/wp-json\/wp\/v2\/users\/1"}],"replies":[{"embeddable":true,"href":"https:\/\/www.serviciosaludaysen.cl\/index.php\/wp-json\/wp\/v2\/comments?post=3115"}],"version-history":[{"count":16,"href":"https:\/\/www.serviciosaludaysen.cl\/index.php\/wp-json\/wp\/v2\/pages\/3115\/revisions"}],"predecessor-version":[{"id":4529,"href":"https:\/\/www.serviciosaludaysen.cl\/index.php\/wp-json\/wp\/v2\/pages\/3115\/revisions\/4529"}],"wp:attachment":[{"href":"https:\/\/www.serviciosaludaysen.cl\/index.php\/wp-json\/wp\/v2\/media?parent=3115"}],"curies":[{"name":"wp","href":"https:\/\/api.w.org\/{rel}","templated":true}]}}