{"id":2151,"date":"2024-08-26T12:04:47","date_gmt":"2024-08-26T15:04:47","guid":{"rendered":"https:\/\/www.serviciosaludaysen.cl\/?page_id=2151"},"modified":"2024-09-02T18:12:47","modified_gmt":"2024-09-02T21:12:47","slug":"rio-ibanez","status":"publish","type":"page","link":"https:\/\/www.serviciosaludaysen.cl\/index.php\/rio-ibanez\/","title":{"rendered":"R\u00edo Ib\u00e1\u00f1ez"},"content":{"rendered":"\t\t<div data-elementor-type=\"wp-page\" data-elementor-id=\"2151\" class=\"elementor elementor-2151\">\n\t\t\t\t<div class=\"elementor-element elementor-element-0f14b35 e-flex e-con-boxed e-con e-parent\" data-id=\"0f14b35\" data-element_type=\"container\">\n\t\t\t\t\t<div class=\"e-con-inner\">\n\t\t\t\t<div class=\"elementor-element elementor-element-66fc79e elementor-widget elementor-widget-heading\" data-id=\"66fc79e\" data-element_type=\"widget\" data-widget_type=\"heading.default\">\n\t\t\t\t<div class=\"elementor-widget-container\">\n\t\t\t\t\t<h2 class=\"elementor-heading-title elementor-size-default\">Rio Iba\u00f1ez<\/h2>\t\t\t\t<\/div>\n\t\t\t\t<\/div>\n\t\t\t\t\t<\/div>\n\t\t\t\t<\/div>\n\t\t<section class=\"elementor-element elementor-element-4b465e75 e-grid e-con-boxed e-con e-parent\" data-id=\"4b465e75\" data-element_type=\"container\">\n\t\t\t\t\t<div class=\"e-con-inner\">\n\t\t\t\t<div class=\"elementor-element elementor-element-21ba75f9 elementor-widget elementor-widget-eael-creative-button\" data-id=\"21ba75f9\" data-element_type=\"widget\" data-widget_type=\"eael-creative-button.default\">\n\t\t\t\t<div class=\"elementor-widget-container\">\n\t\t\t\t\t        <div class=\"eael-creative-button-wrapper\">\n\n            <a class=\"eael-creative-button eael-creative-button--default\" href=\"https:\/\/www.serviciosaludaysen.cl\/index.php\/psr-bahia-murta\/\" target=\"_blank\" data-text=\"Misi\u00f3n visi\u00f3n\">\n\n\t    \n                <div class=\"creative-button-inner\">\n\n                    \n                    <span class=\"cretive-button-text\">PSR Bahia Murta<\/span>\n\n                                    <\/div>\n\t                        <\/a>\n        <\/div>\n        \t\t\t\t<\/div>\n\t\t\t\t<\/div>\n\t\t\t\t<div class=\"elementor-element elementor-element-3d700d94 elementor-widget elementor-widget-eael-creative-button\" data-id=\"3d700d94\" data-element_type=\"widget\" data-widget_type=\"eael-creative-button.default\">\n\t\t\t\t<div class=\"elementor-widget-container\">\n\t\t\t\t\t        <div class=\"eael-creative-button-wrapper\">\n\n            <a class=\"eael-creative-button eael-creative-button--default\" href=\"https:\/\/www.serviciosaludaysen.cl\/index.php\/psr-puerto-sanchez\/\" target=\"_blank\" data-text=\"PSR Puerto S\u00e1nchez\">\n\n\t    \n                <div class=\"creative-button-inner\">\n\n                    \n                    <span class=\"cretive-button-text\">PSR Puerto S\u00e1nchez<\/span>\n\n                                    <\/div>\n\t                        <\/a>\n        <\/div>\n        \t\t\t\t<\/div>\n\t\t\t\t<\/div>\n\t\t\t\t<div class=\"elementor-element elementor-element-3669dd64 elementor-widget elementor-widget-eael-creative-button\" data-id=\"3669dd64\" data-element_type=\"widget\" data-widget_type=\"eael-creative-button.default\">\n\t\t\t\t<div class=\"elementor-widget-container\">\n\t\t\t\t\t        <div class=\"eael-creative-button-wrapper\">\n\n            <a class=\"eael-creative-button eael-creative-button--default\" href=\"https:\/\/www.serviciosaludaysen.cl\/index.php\/psr-rio-tranquilo\/\" target=\"_blank\" data-text=\"PSR R\u00edo Tranquilo\">\n\n\t    \n                <div class=\"creative-button-inner\">\n\n                    \n                    <span class=\"cretive-button-text\">PSR R\u00edo Tranquilo<\/span>\n\n                                    <\/div>\n\t                        <\/a>\n        <\/div>\n        \t\t\t\t<\/div>\n\t\t\t\t<\/div>\n\t\t\t\t<div class=\"elementor-element elementor-element-6061a319 elementor-widget elementor-widget-eael-creative-button\" data-id=\"6061a319\" data-element_type=\"widget\" data-widget_type=\"eael-creative-button.default\">\n\t\t\t\t<div class=\"elementor-widget-container\">\n\t\t\t\t\t        <div class=\"eael-creative-button-wrapper\">\n\n            <a class=\"eael-creative-button eael-creative-button--default\" href=\"https:\/\/www.serviciosaludaysen.cl\/index.php\/psr-puerto-ibanez\/\" target=\"_blank\" data-text=\"Comit\u00e9 \u00e9tico cient\u00edfico\">\n\n\t    \n                <div class=\"creative-button-inner\">\n\n                    \n                    <span class=\"cretive-button-text\">PSR Puerto Iba\u00f1ez<\/span>\n\n                                    <\/div>\n\t                        <\/a>\n        <\/div>\n        \t\t\t\t<\/div>\n\t\t\t\t<\/div>\n\t\t\t\t\t<\/div>\n\t\t\t\t<\/section>\n\t\t<section class=\"elementor-element elementor-element-0a7acf4 e-grid e-con-boxed e-con e-parent\" data-id=\"0a7acf4\" data-element_type=\"container\">\n\t\t\t\t\t<div class=\"e-con-inner\">\n\t\t\t\t<div class=\"elementor-element elementor-element-6f3ec44 elementor-widget elementor-widget-eael-creative-button\" data-id=\"6f3ec44\" data-element_type=\"widget\" data-widget_type=\"eael-creative-button.default\">\n\t\t\t\t<div class=\"elementor-widget-container\">\n\t\t\t\t\t        <div class=\"eael-creative-button-wrapper\">\n\n            <a class=\"eael-creative-button eael-creative-button--default\" href=\"https:\/\/www.serviciosaludaysen.cl\/index.php\/psr-cerro-castillorio-ibanez\/\" target=\"_blank\" data-text=\"PSR Cerro Castillo\">\n\n\t    \n                <div class=\"creative-button-inner\">\n\n                    \n                    <span class=\"cretive-button-text\">PSR Cerro Castillo<\/span>\n\n                                    <\/div>\n\t                        <\/a>\n        <\/div>\n        \t\t\t\t<\/div>\n\t\t\t\t<\/div>\n\t\t\t\t\t<\/div>\n\t\t\t\t<\/section>\n\t\t\t\t<\/div>\n\t\t","protected":false},"excerpt":{"rendered":"<p>Rio Iba\u00f1ez PSR Bahia Murta PSR Puerto S\u00e1nchez PSR R\u00edo Tranquilo PSR Puerto Iba\u00f1ez PSR Cerro Castillo<\/p>\n","protected":false},"author":1,"featured_media":0,"parent":0,"menu_order":0,"comment_status":"closed","ping_status":"closed","template":"","meta":{"_eb_attr":"","site-sidebar-layout":"no-sidebar","site-content-layout":"","ast-site-content-layout":"full-width-container","site-content-style":"default","site-sidebar-style":"default","ast-global-header-display":"","ast-banner-title-visibility":"","ast-main-header-display":"","ast-hfb-above-header-display":"","ast-hfb-below-header-display":"","ast-hfb-mobile-header-display":"","site-post-title":"disabled","ast-breadcrumbs-content":"","ast-featured-img":"disabled","footer-sml-layout":"","theme-transparent-header-meta":"","adv-header-id-meta":"","stick-header-meta":"","header-above-stick-meta":"","header-main-stick-meta":"","header-below-stick-meta":"","astra-migrate-meta-layouts":"default","ast-page-background-enabled":"default","ast-page-background-meta":{"desktop":{"background-color":"var(--ast-global-color-4)","background-image":"","background-repeat":"repeat","background-position":"center center","background-size":"auto","background-attachment":"scroll","background-type":"","background-media":"","overlay-type":"","overlay-color":"","overlay-opacity":"","overlay-gradient":""},"tablet":{"background-color":"","background-image":"","background-repeat":"repeat","background-position":"center center","background-size":"auto","background-attachment":"scroll","background-type":"","background-media":"","overlay-type":"","overlay-color":"","overlay-opacity":"","overlay-gradient":""},"mobile":{"background-color":"","background-image":"","background-repeat":"repeat","background-position":"center center","background-size":"auto","background-attachment":"scroll","background-type":"","background-media":"","overlay-type":"","overlay-color":"","overlay-opacity":"","overlay-gradient":""}},"ast-content-background-meta":{"desktop":{"background-color":"var(--ast-global-color-5)","background-image":"","background-repeat":"repeat","background-position":"center center","background-size":"auto","background-attachment":"scroll","background-type":"","background-media":"","overlay-type":"","overlay-color":"","overlay-opacity":"","overlay-gradient":""},"tablet":{"background-color":"var(--ast-global-color-5)","background-image":"","background-repeat":"repeat","background-position":"center center","background-size":"auto","background-attachment":"scroll","background-type":"","background-media":"","overlay-type":"","overlay-color":"","overlay-opacity":"","overlay-gradient":""},"mobile":{"background-color":"var(--ast-global-color-5)","background-image":"","background-repeat":"repeat","background-position":"center center","background-size":"auto","background-attachment":"scroll","background-type":"","background-media":"","overlay-type":"","overlay-color":"","overlay-opacity":"","overlay-gradient":""}},"footnotes":""},"class_list":["post-2151","page","type-page","status-publish","hentry"],"_links":{"self":[{"href":"https:\/\/www.serviciosaludaysen.cl\/index.php\/wp-json\/wp\/v2\/pages\/2151","targetHints":{"allow":["GET"]}}],"collection":[{"href":"https:\/\/www.serviciosaludaysen.cl\/index.php\/wp-json\/wp\/v2\/pages"}],"about":[{"href":"https:\/\/www.serviciosaludaysen.cl\/index.php\/wp-json\/wp\/v2\/types\/page"}],"author":[{"embeddable":true,"href":"https:\/\/www.serviciosaludaysen.cl\/index.php\/wp-json\/wp\/v2\/users\/1"}],"replies":[{"embeddable":true,"href":"https:\/\/www.serviciosaludaysen.cl\/index.php\/wp-json\/wp\/v2\/comments?post=2151"}],"version-history":[{"count":22,"href":"https:\/\/www.serviciosaludaysen.cl\/index.php\/wp-json\/wp\/v2\/pages\/2151\/revisions"}],"predecessor-version":[{"id":2798,"href":"https:\/\/www.serviciosaludaysen.cl\/index.php\/wp-json\/wp\/v2\/pages\/2151\/revisions\/2798"}],"wp:attachment":[{"href":"https:\/\/www.serviciosaludaysen.cl\/index.php\/wp-json\/wp\/v2\/media?parent=2151"}],"curies":[{"name":"wp","href":"https:\/\/api.w.org\/{rel}","templated":true}]}}